{"id":540,"date":"2023-04-23T11:09:19","date_gmt":"2023-04-23T09:09:19","guid":{"rendered":"https:\/\/www.nortrailmountains.com\/nortrail-mountains\/"},"modified":"2026-02-17T08:57:24","modified_gmt":"2026-02-17T07:57:24","slug":"nortrail-mountains","status":"publish","type":"page","link":"https:\/\/nortrailmountains.com\/de\/","title":{"rendered":"Nortrail Mountains"},"content":{"rendered":"\t\t<div data-elementor-type=\"wp-page\" data-elementor-id=\"540\" class=\"elementor elementor-540 elementor-22\" data-elementor-post-type=\"page\">\n\t\t\t\t<div class=\"elementor-element elementor-element-5c119be e-con-full e-flex e-con e-parent\" data-id=\"5c119be\" data-element_type=\"container\" data-e-type=\"container\" data-settings=\"{&quot;background_background&quot;:&quot;slideshow&quot;,&quot;background_slideshow_gallery&quot;:[{&quot;id&quot;:158,&quot;url&quot;:&quot;https:\\\/\\\/nortrailmountains.com\\\/wp-content\\\/uploads\\\/2023\\\/04\\\/NORTRAIL_207.webp&quot;},{&quot;id&quot;:160,&quot;url&quot;:&quot;https:\\\/\\\/nortrailmountains.com\\\/wp-content\\\/uploads\\\/2023\\\/04\\\/NORTRAIL_225-1.webp&quot;},{&quot;id&quot;:161,&quot;url&quot;:&quot;https:\\\/\\\/nortrailmountains.com\\\/wp-content\\\/uploads\\\/2023\\\/04\\\/NORTRAIL_218.webp&quot;}],&quot;background_slideshow_lazyload&quot;:&quot;yes&quot;,&quot;background_slideshow_ken_burns&quot;:&quot;yes&quot;,&quot;background_slideshow_loop&quot;:&quot;yes&quot;,&quot;background_slideshow_slide_duration&quot;:5000,&quot;background_slideshow_slide_transition&quot;:&quot;fade&quot;,&quot;background_slideshow_transition_duration&quot;:500,&quot;background_slideshow_ken_burns_zoom_direction&quot;:&quot;in&quot;}\">\n\t\t\t\t<div class=\"elementor-element elementor-element-6e0a5cb elementor-invisible elementor-widget elementor-widget-image\" data-id=\"6e0a5cb\" data-element_type=\"widget\" data-e-type=\"widget\" data-settings=\"{&quot;_animation&quot;:&quot;fadeInUp&quot;}\" data-widget_type=\"image.default\">\n\t\t\t\t<div class=\"elementor-widget-container\">\n\t\t\t\t\t\t\t\t\t\t\t\t\t\t\t<img fetchpriority=\"high\" decoding=\"async\" width=\"800\" height=\"800\" src=\"https:\/\/nortrailmountains.com\/wp-content\/uploads\/2023\/04\/nortrail_logo_blanco.svg\" class=\"attachment-large size-large wp-image-173\" alt=\"Nortrail Mountains Logo Blanco\" \/>\t\t\t\t\t\t\t\t\t\t\t\t\t\t\t<\/div>\n\t\t\t\t<\/div>\n\t\t\t\t<div class=\"elementor-element elementor-element-275a789 elementor-widget__width-inherit elementor-absolute elementor-align-center elementor-widget elementor-widget-lottie\" data-id=\"275a789\" data-element_type=\"widget\" data-e-type=\"widget\" data-settings=\"{&quot;source_json&quot;:{&quot;url&quot;:&quot;https:\\\/\\\/nortrailmountains.com\\\/wp-content\\\/uploads\\\/2023\\\/04\\\/lf20_euocqczq.json&quot;,&quot;id&quot;:187,&quot;size&quot;:&quot;&quot;,&quot;alt&quot;:&quot;&quot;,&quot;source&quot;:&quot;library&quot;},&quot;loop&quot;:&quot;yes&quot;,&quot;lazyload&quot;:&quot;yes&quot;,&quot;_position&quot;:&quot;absolute&quot;,&quot;source&quot;:&quot;media_file&quot;,&quot;caption_source&quot;:&quot;none&quot;,&quot;link_to&quot;:&quot;none&quot;,&quot;trigger&quot;:&quot;arriving_to_viewport&quot;,&quot;viewport&quot;:{&quot;unit&quot;:&quot;%&quot;,&quot;size&quot;:&quot;&quot;,&quot;sizes&quot;:{&quot;start&quot;:0,&quot;end&quot;:100}},&quot;play_speed&quot;:{&quot;unit&quot;:&quot;px&quot;,&quot;size&quot;:1,&quot;sizes&quot;:[]},&quot;start_point&quot;:{&quot;unit&quot;:&quot;%&quot;,&quot;size&quot;:0,&quot;sizes&quot;:[]},&quot;end_point&quot;:{&quot;unit&quot;:&quot;%&quot;,&quot;size&quot;:100,&quot;sizes&quot;:[]},&quot;renderer&quot;:&quot;svg&quot;}\" data-widget_type=\"lottie.default\">\n\t\t\t\t<div class=\"elementor-widget-container\">\n\t\t\t\t\t<div class=\"e-lottie__container\"><div class=\"e-lottie__animation\"><\/div><\/div>\t\t\t\t<\/div>\n\t\t\t\t<\/div>\n\t\t\t\t<\/div>\n\t\t<div class=\"elementor-element elementor-element-c4688f6 e-flex e-con-boxed e-con e-parent\" data-id=\"c4688f6\" data-element_type=\"container\" data-e-type=\"container\">\n\t\t\t\t\t<div class=\"e-con-inner\">\n\t\t<div class=\"elementor-element elementor-element-96eed93 e-flex e-con-boxed e-con e-child\" data-id=\"96eed93\" data-element_type=\"container\" data-e-type=\"container\">\n\t\t\t\t\t<div class=\"e-con-inner\">\n\t\t\t\t<div class=\"elementor-element elementor-element-4d780aa elementor-invisible elementor-widget elementor-widget-image\" data-id=\"4d780aa\" data-element_type=\"widget\" data-e-type=\"widget\" data-settings=\"{&quot;_animation&quot;:&quot;fadeInUp&quot;}\" data-widget_type=\"image.default\">\n\t\t\t\t<div class=\"elementor-widget-container\">\n\t\t\t\t\t\t\t\t\t\t\t\t\t\t\t<img decoding=\"async\" width=\"800\" height=\"800\" src=\"https:\/\/nortrailmountains.com\/wp-content\/uploads\/2023\/04\/nortrail_imagotipo.svg\" class=\"attachment-large size-large wp-image-180\" alt=\"Nortrail Mountains Imagotipo\" \/>\t\t\t\t\t\t\t\t\t\t\t\t\t\t\t<\/div>\n\t\t\t\t<\/div>\n\t\t\t\t<div class=\"elementor-element elementor-element-cc8f7d9 elementor-invisible elementor-widget elementor-widget-heading\" data-id=\"cc8f7d9\" data-element_type=\"widget\" data-e-type=\"widget\" data-settings=\"{&quot;_animation&quot;:&quot;fadeInUp&quot;}\" data-widget_type=\"heading.default\">\n\t\t\t\t<div class=\"elementor-widget-container\">\n\t\t\t\t\t<h1 class=\"elementor-heading-title elementor-size-default\">NORTRAIL<\/h1>\t\t\t\t<\/div>\n\t\t\t\t<\/div>\n\t\t\t\t<div class=\"elementor-element elementor-element-b2dd82e elementor-invisible elementor-widget elementor-widget-heading\" data-id=\"b2dd82e\" data-element_type=\"widget\" data-e-type=\"widget\" data-settings=\"{&quot;_animation&quot;:&quot;fadeInUp&quot;}\" data-widget_type=\"heading.default\">\n\t\t\t\t<div class=\"elementor-widget-container\">\n\t\t\t\t\t<h2 class=\"elementor-heading-title elementor-size-default\">MOUNTAINS<\/h2>\t\t\t\t<\/div>\n\t\t\t\t<\/div>\n\t\t\t\t<div class=\"elementor-element elementor-element-d8e2a2b elementor-widget elementor-widget-spacer\" data-id=\"d8e2a2b\" data-element_type=\"widget\" data-e-type=\"widget\" data-widget_type=\"spacer.default\">\n\t\t\t\t<div class=\"elementor-widget-container\">\n\t\t\t\t\t\t\t<div class=\"elementor-spacer\">\n\t\t\t<div class=\"elementor-spacer-inner\"><\/div>\n\t\t<\/div>\n\t\t\t\t\t\t<\/div>\n\t\t\t\t<\/div>\n\t\t\t\t<div class=\"elementor-element elementor-element-d70e996 elementor-invisible elementor-widget elementor-widget-heading\" data-id=\"d70e996\" data-element_type=\"widget\" data-e-type=\"widget\" data-settings=\"{&quot;_animation&quot;:&quot;fadeInUp&quot;}\" data-widget_type=\"heading.default\">\n\t\t\t\t<div class=\"elementor-widget-container\">\n\t\t\t\t\t<h2 class=\"elementor-heading-title elementor-size-default\">GU\u00cdAS DE MONTA\u00d1A<\/h2>\t\t\t\t<\/div>\n\t\t\t\t<\/div>\n\t\t\t\t<div class=\"elementor-element elementor-element-f88adde elementor-widget elementor-widget-spacer\" data-id=\"f88adde\" data-element_type=\"widget\" data-e-type=\"widget\" data-widget_type=\"spacer.default\">\n\t\t\t\t<div class=\"elementor-widget-container\">\n\t\t\t\t\t\t\t<div class=\"elementor-spacer\">\n\t\t\t<div class=\"elementor-spacer-inner\"><\/div>\n\t\t<\/div>\n\t\t\t\t\t\t<\/div>\n\t\t\t\t<\/div>\n\t\t\t\t<div class=\"elementor-element elementor-element-ebe7c27 elementor-invisible elementor-widget elementor-widget-heading\" data-id=\"ebe7c27\" data-element_type=\"widget\" data-e-type=\"widget\" data-settings=\"{&quot;_animation&quot;:&quot;fadeInUp&quot;}\" data-widget_type=\"heading.default\">\n\t\t\t\t<div class=\"elementor-widget-container\">\n\t\t\t\t\t<h3 class=\"elementor-heading-title elementor-size-default\">The best<br>mountain experiences<br>at your fingertips<\/h3>\t\t\t\t<\/div>\n\t\t\t\t<\/div>\n\t\t\t\t<div class=\"elementor-element elementor-element-fa8c7a1 elementor-widget elementor-widget-spacer\" data-id=\"fa8c7a1\" data-element_type=\"widget\" data-e-type=\"widget\" data-widget_type=\"spacer.default\">\n\t\t\t\t<div class=\"elementor-widget-container\">\n\t\t\t\t\t\t\t<div class=\"elementor-spacer\">\n\t\t\t<div class=\"elementor-spacer-inner\"><\/div>\n\t\t<\/div>\n\t\t\t\t\t\t<\/div>\n\t\t\t\t<\/div>\n\t\t\t\t<div class=\"elementor-element elementor-element-f42d0ba elementor-widget__width-initial elementor-invisible elementor-widget elementor-widget-text-editor\" data-id=\"f42d0ba\" data-element_type=\"widget\" data-e-type=\"widget\" data-settings=\"{&quot;_animation&quot;:&quot;fadeInUp&quot;}\" data-widget_type=\"text-editor.default\">\n\t\t\t\t<div class=\"elementor-widget-container\">\n\t\t\t\t\t\t\t\t\t<p><strong>Nortrail Mountains<\/strong> ist ein <strong>Bergf\u00fchrerunternehmen<\/strong> mit Sitz im Dorf La Peral im Naturpark Somiedo, das seine Dienstleistungen in den Bereichen <strong>Trekking<\/strong> f\u00fcr ein oder mehrere Tage, <strong>Wandern<\/strong>, <strong>Schneeschuhausfl\u00fcge<\/strong>, <strong>Biwaks<\/strong> in der Natur und <strong>Schulungen<\/strong> in der gesamten <strong>nationalen<\/strong> und <strong>internationalen<\/strong> Geografie anbietet.<\/p>\t\t\t\t\t\t\t\t<\/div>\n\t\t\t\t<\/div>\n\t\t\t\t<div class=\"elementor-element elementor-element-f268930 elementor-widget elementor-widget-spacer\" data-id=\"f268930\" data-element_type=\"widget\" data-e-type=\"widget\" data-widget_type=\"spacer.default\">\n\t\t\t\t<div class=\"elementor-widget-container\">\n\t\t\t\t\t\t\t<div class=\"elementor-spacer\">\n\t\t\t<div class=\"elementor-spacer-inner\"><\/div>\n\t\t<\/div>\n\t\t\t\t\t\t<\/div>\n\t\t\t\t<\/div>\n\t\t\t\t\t<\/div>\n\t\t\t\t<\/div>\n\t\t<div class=\"elementor-element elementor-element-03f157b e-con-full e-flex elementor-invisible e-con e-child\" data-id=\"03f157b\" data-element_type=\"container\" data-e-type=\"container\" data-settings=\"{&quot;background_background&quot;:&quot;classic&quot;,&quot;animation&quot;:&quot;fadeInUp&quot;}\">\n\t\t<div class=\"elementor-element elementor-element-dcaece6 e-con-full e-flex e-con e-child\" data-id=\"dcaece6\" data-element_type=\"container\" data-e-type=\"container\">\n\t\t\t\t<div class=\"elementor-element elementor-element-68bb06e elementor-position-top elementor-widget elementor-widget-image-box\" data-id=\"68bb06e\" data-element_type=\"widget\" data-e-type=\"widget\" data-widget_type=\"image-box.default\">\n\t\t\t\t<div class=\"elementor-widget-container\">\n\t\t\t\t\t<div class=\"elementor-image-box-wrapper\"><figure class=\"elementor-image-box-img\"><a href=\"https:\/\/nortrailmountains.com\/de\/aktivitaeten\/\" tabindex=\"-1\"><img decoding=\"async\" width=\"1280\" height=\"1280\" src=\"https:\/\/nortrailmountains.com\/wp-content\/uploads\/2023\/04\/actividades_trekking.webp\" class=\"attachment-full size-full wp-image-202\" alt=\"Nortrail Mountains Gu\u00edas de Monta\u00f1a Trekking\" srcset=\"https:\/\/nortrailmountains.com\/wp-content\/uploads\/2023\/04\/actividades_trekking.webp 1280w, https:\/\/nortrailmountains.com\/wp-content\/uploads\/2023\/04\/actividades_trekking-300x300.webp 300w, https:\/\/nortrailmountains.com\/wp-content\/uploads\/2023\/04\/actividades_trekking-1024x1024.webp 1024w, https:\/\/nortrailmountains.com\/wp-content\/uploads\/2023\/04\/actividades_trekking-150x150.webp 150w, https:\/\/nortrailmountains.com\/wp-content\/uploads\/2023\/04\/actividades_trekking-768x768.webp 768w\" sizes=\"(max-width: 1280px) 100vw, 1280px\" \/><\/a><\/figure><div class=\"elementor-image-box-content\"><p class=\"elementor-image-box-description\">WANDERN UND TREKKING<\/p><\/div><\/div>\t\t\t\t<\/div>\n\t\t\t\t<\/div>\n\t\t\t\t<\/div>\n\t\t<div class=\"elementor-element elementor-element-c0029e0 e-con-full e-flex e-con e-child\" data-id=\"c0029e0\" data-element_type=\"container\" data-e-type=\"container\">\n\t\t\t\t<div class=\"elementor-element elementor-element-0bd33f1 elementor-position-top elementor-widget elementor-widget-image-box\" data-id=\"0bd33f1\" data-element_type=\"widget\" data-e-type=\"widget\" data-widget_type=\"image-box.default\">\n\t\t\t\t<div class=\"elementor-widget-container\">\n\t\t\t\t\t<div class=\"elementor-image-box-wrapper\"><figure class=\"elementor-image-box-img\"><a href=\"https:\/\/nortrailmountains.com\/de\/aktivitaeten\/\" tabindex=\"-1\"><img loading=\"lazy\" decoding=\"async\" width=\"1280\" height=\"1280\" src=\"https:\/\/nortrailmountains.com\/wp-content\/uploads\/2023\/04\/actividades_yoga.webp\" class=\"attachment-full size-full wp-image-205\" alt=\"Nortrail Mountains Gu\u00edas de Monta\u00f1a Yoga + Trekking\" srcset=\"https:\/\/nortrailmountains.com\/wp-content\/uploads\/2023\/04\/actividades_yoga.webp 1280w, https:\/\/nortrailmountains.com\/wp-content\/uploads\/2023\/04\/actividades_yoga-300x300.webp 300w, https:\/\/nortrailmountains.com\/wp-content\/uploads\/2023\/04\/actividades_yoga-1024x1024.webp 1024w, https:\/\/nortrailmountains.com\/wp-content\/uploads\/2023\/04\/actividades_yoga-150x150.webp 150w, https:\/\/nortrailmountains.com\/wp-content\/uploads\/2023\/04\/actividades_yoga-768x768.webp 768w\" sizes=\"(max-width: 1280px) 100vw, 1280px\" \/><\/a><\/figure><div class=\"elementor-image-box-content\"><p class=\"elementor-image-box-description\">TREKKING + YOGA<\/p><\/div><\/div>\t\t\t\t<\/div>\n\t\t\t\t<\/div>\n\t\t\t\t<\/div>\n\t\t<div class=\"elementor-element elementor-element-522c983 e-con-full elementor-hidden-widescreen elementor-hidden-desktop elementor-hidden-laptop elementor-hidden-tablet_extra elementor-hidden-tablet elementor-hidden-mobile_extra elementor-hidden-mobile e-flex e-con e-child\" data-id=\"522c983\" data-element_type=\"container\" data-e-type=\"container\">\n\t\t\t\t<div class=\"elementor-element elementor-element-6d78eb8 elementor-position-top elementor-widget elementor-widget-image-box\" data-id=\"6d78eb8\" data-element_type=\"widget\" data-e-type=\"widget\" data-widget_type=\"image-box.default\">\n\t\t\t\t<div class=\"elementor-widget-container\">\n\t\t\t\t\t<div class=\"elementor-image-box-wrapper\"><figure class=\"elementor-image-box-img\"><a href=\"https:\/\/nortrailmountains.com\/de\/alta-ruta-de-redes\/\" tabindex=\"-1\"><img loading=\"lazy\" decoding=\"async\" width=\"1280\" height=\"1280\" src=\"https:\/\/nortrailmountains.com\/wp-content\/uploads\/2023\/04\/actividades_redes.webp\" class=\"attachment-full size-full wp-image-208\" alt=\"Nortrail Mountains Gu\u00edas de Monta\u00f1a, La Alta Ruta de Redes\" srcset=\"https:\/\/nortrailmountains.com\/wp-content\/uploads\/2023\/04\/actividades_redes.webp 1280w, https:\/\/nortrailmountains.com\/wp-content\/uploads\/2023\/04\/actividades_redes-300x300.webp 300w, https:\/\/nortrailmountains.com\/wp-content\/uploads\/2023\/04\/actividades_redes-1024x1024.webp 1024w, https:\/\/nortrailmountains.com\/wp-content\/uploads\/2023\/04\/actividades_redes-150x150.webp 150w, https:\/\/nortrailmountains.com\/wp-content\/uploads\/2023\/04\/actividades_redes-768x768.webp 768w\" sizes=\"(max-width: 1280px) 100vw, 1280px\" \/><\/a><\/figure><div class=\"elementor-image-box-content\"><p class=\"elementor-image-box-description\">ALTA RUTA DE REDES<\/p><\/div><\/div>\t\t\t\t<\/div>\n\t\t\t\t<\/div>\n\t\t\t\t<\/div>\n\t\t<div class=\"elementor-element elementor-element-e519ec1 e-con-full e-flex e-con e-child\" data-id=\"e519ec1\" data-element_type=\"container\" data-e-type=\"container\">\n\t\t\t\t<div class=\"elementor-element elementor-element-aaa138b elementor-position-top elementor-widget elementor-widget-image-box\" data-id=\"aaa138b\" data-element_type=\"widget\" data-e-type=\"widget\" data-widget_type=\"image-box.default\">\n\t\t\t\t<div class=\"elementor-widget-container\">\n\t\t\t\t\t<div class=\"elementor-image-box-wrapper\"><figure class=\"elementor-image-box-img\"><a href=\"https:\/\/nortrailmountains.com\/de\/aktivitaeten\/\" tabindex=\"-1\"><img loading=\"lazy\" decoding=\"async\" width=\"1280\" height=\"1280\" src=\"https:\/\/nortrailmountains.com\/wp-content\/uploads\/2023\/04\/actividades_raquetas.webp\" class=\"attachment-full size-full wp-image-211\" alt=\"Nortrail Mountains Raquetas de Nieve\" srcset=\"https:\/\/nortrailmountains.com\/wp-content\/uploads\/2023\/04\/actividades_raquetas.webp 1280w, https:\/\/nortrailmountains.com\/wp-content\/uploads\/2023\/04\/actividades_raquetas-300x300.webp 300w, https:\/\/nortrailmountains.com\/wp-content\/uploads\/2023\/04\/actividades_raquetas-1024x1024.webp 1024w, https:\/\/nortrailmountains.com\/wp-content\/uploads\/2023\/04\/actividades_raquetas-150x150.webp 150w, https:\/\/nortrailmountains.com\/wp-content\/uploads\/2023\/04\/actividades_raquetas-768x768.webp 768w\" sizes=\"(max-width: 1280px) 100vw, 1280px\" \/><\/a><\/figure><div class=\"elementor-image-box-content\"><p class=\"elementor-image-box-description\">SCHNEESCHUHAUSFL\u00dcGE<\/p><\/div><\/div>\t\t\t\t<\/div>\n\t\t\t\t<\/div>\n\t\t\t\t<\/div>\n\t\t<div class=\"elementor-element elementor-element-e8a384f e-con-full elementor-hidden-widescreen elementor-hidden-desktop elementor-hidden-laptop elementor-hidden-tablet_extra elementor-hidden-tablet elementor-hidden-mobile_extra elementor-hidden-mobile e-flex e-con e-child\" data-id=\"e8a384f\" data-element_type=\"container\" data-e-type=\"container\">\n\t\t\t\t<div class=\"elementor-element elementor-element-b0b40ef elementor-position-top elementor-widget elementor-widget-image-box\" data-id=\"b0b40ef\" data-element_type=\"widget\" data-e-type=\"widget\" data-widget_type=\"image-box.default\">\n\t\t\t\t<div class=\"elementor-widget-container\">\n\t\t\t\t\t<div class=\"elementor-image-box-wrapper\"><figure class=\"elementor-image-box-img\"><a href=\"https:\/\/nortrailmountains.com\/de\/trekking-la-palma\/\" tabindex=\"-1\"><img loading=\"lazy\" decoding=\"async\" width=\"1281\" height=\"1281\" src=\"https:\/\/nortrailmountains.com\/wp-content\/uploads\/2025\/11\/La_Palma_11.webp\" class=\"attachment-full size-full wp-image-1084\" alt=\"\" srcset=\"https:\/\/nortrailmountains.com\/wp-content\/uploads\/2025\/11\/La_Palma_11.webp 1281w, https:\/\/nortrailmountains.com\/wp-content\/uploads\/2025\/11\/La_Palma_11-300x300.webp 300w, https:\/\/nortrailmountains.com\/wp-content\/uploads\/2025\/11\/La_Palma_11-1024x1024.webp 1024w, https:\/\/nortrailmountains.com\/wp-content\/uploads\/2025\/11\/La_Palma_11-150x150.webp 150w, https:\/\/nortrailmountains.com\/wp-content\/uploads\/2025\/11\/La_Palma_11-768x768.webp 768w, https:\/\/nortrailmountains.com\/wp-content\/uploads\/2025\/11\/La_Palma_11-600x600.webp 600w, https:\/\/nortrailmountains.com\/wp-content\/uploads\/2025\/11\/La_Palma_11-100x100.webp 100w\" sizes=\"(max-width: 1281px) 100vw, 1281px\" \/><\/a><\/figure><div class=\"elementor-image-box-content\"><p class=\"elementor-image-box-description\">TREKKING LA PALMA<\/p><\/div><\/div>\t\t\t\t<\/div>\n\t\t\t\t<\/div>\n\t\t\t\t<\/div>\n\t\t<div class=\"elementor-element elementor-element-e8230fc e-con-full elementor-hidden-widescreen elementor-hidden-desktop elementor-hidden-laptop elementor-hidden-tablet_extra elementor-hidden-tablet elementor-hidden-mobile_extra elementor-hidden-mobile e-flex e-con e-child\" data-id=\"e8230fc\" data-element_type=\"container\" data-e-type=\"container\">\n\t\t\t\t<div class=\"elementor-element elementor-element-e95ce67 elementor-position-top elementor-widget elementor-widget-image-box\" data-id=\"e95ce67\" data-element_type=\"widget\" data-e-type=\"widget\" data-widget_type=\"image-box.default\">\n\t\t\t\t<div class=\"elementor-widget-container\">\n\t\t\t\t\t<div class=\"elementor-image-box-wrapper\"><figure class=\"elementor-image-box-img\"><a href=\"https:\/\/nortrailmountains.com\/de\/aktivitaeten\/\" tabindex=\"-1\"><img loading=\"lazy\" decoding=\"async\" width=\"1152\" height=\"1152\" src=\"https:\/\/nortrailmountains.com\/wp-content\/uploads\/2025\/12\/teito.jpg\" class=\"attachment-full size-full wp-image-1085\" alt=\"\" srcset=\"https:\/\/nortrailmountains.com\/wp-content\/uploads\/2025\/12\/teito.jpg 1152w, https:\/\/nortrailmountains.com\/wp-content\/uploads\/2025\/12\/teito-300x300.jpg 300w, https:\/\/nortrailmountains.com\/wp-content\/uploads\/2025\/12\/teito-1024x1024.jpg 1024w, https:\/\/nortrailmountains.com\/wp-content\/uploads\/2025\/12\/teito-150x150.jpg 150w, https:\/\/nortrailmountains.com\/wp-content\/uploads\/2025\/12\/teito-768x768.jpg 768w, https:\/\/nortrailmountains.com\/wp-content\/uploads\/2025\/12\/teito-600x600.jpg 600w, https:\/\/nortrailmountains.com\/wp-content\/uploads\/2025\/12\/teito-100x100.jpg 100w\" sizes=\"(max-width: 1152px) 100vw, 1152px\" \/><\/a><\/figure><div class=\"elementor-image-box-content\"><p class=\"elementor-image-box-description\">TREKKING Y PERNOCTA EN CABA\u00d1A DE TEITO<\/p><\/div><\/div>\t\t\t\t<\/div>\n\t\t\t\t<\/div>\n\t\t\t\t<\/div>\n\t\t\t\t<\/div>\n\t\t\t\t<div class=\"elementor-element elementor-element-d9240dc elementor-widget elementor-widget-spacer\" data-id=\"d9240dc\" data-element_type=\"widget\" data-e-type=\"widget\" data-widget_type=\"spacer.default\">\n\t\t\t\t<div class=\"elementor-widget-container\">\n\t\t\t\t\t\t\t<div class=\"elementor-spacer\">\n\t\t\t<div class=\"elementor-spacer-inner\"><\/div>\n\t\t<\/div>\n\t\t\t\t\t\t<\/div>\n\t\t\t\t<\/div>\n\t\t<div class=\"elementor-element elementor-element-c09a35f e-flex e-con-boxed e-con e-child\" data-id=\"c09a35f\" data-element_type=\"container\" data-e-type=\"container\">\n\t\t\t\t\t<div class=\"e-con-inner\">\n\t\t<div class=\"elementor-element elementor-element-1858d8b e-con-full e-flex e-con e-child\" data-id=\"1858d8b\" data-element_type=\"container\" data-e-type=\"container\" data-settings=\"{&quot;background_background&quot;:&quot;slideshow&quot;,&quot;background_slideshow_gallery&quot;:[{&quot;id&quot;:256,&quot;url&quot;:&quot;https:\\\/\\\/nortrailmountains.com\\\/wp-content\\\/uploads\\\/2023\\\/04\\\/Gobitu-2200-PN-Redes_130.webp&quot;},{&quot;id&quot;:259,&quot;url&quot;:&quot;https:\\\/\\\/nortrailmountains.com\\\/wp-content\\\/uploads\\\/2023\\\/04\\\/NORTRAIL_215.webp&quot;},{&quot;id&quot;:262,&quot;url&quot;:&quot;https:\\\/\\\/nortrailmountains.com\\\/wp-content\\\/uploads\\\/2023\\\/04\\\/NORTRAIL_219.webp&quot;}],&quot;background_slideshow_lazyload&quot;:&quot;yes&quot;,&quot;background_slideshow_ken_burns&quot;:&quot;yes&quot;,&quot;background_slideshow_loop&quot;:&quot;yes&quot;,&quot;background_slideshow_slide_duration&quot;:5000,&quot;background_slideshow_slide_transition&quot;:&quot;fade&quot;,&quot;background_slideshow_transition_duration&quot;:500,&quot;background_slideshow_ken_burns_zoom_direction&quot;:&quot;in&quot;}\">\n\t\t\t\t<\/div>\n\t\t<div class=\"elementor-element elementor-element-45bd379 e-con-full e-flex e-con e-child\" data-id=\"45bd379\" data-element_type=\"container\" data-e-type=\"container\">\n\t\t\t\t<div class=\"elementor-element elementor-element-71594eb elementor-invisible elementor-widget elementor-widget-heading\" data-id=\"71594eb\" data-element_type=\"widget\" data-e-type=\"widget\" data-settings=\"{&quot;_animation&quot;:&quot;fadeInUp&quot;}\" data-widget_type=\"heading.default\">\n\t\t\t\t<div class=\"elementor-widget-container\">\n\t\t\t\t\t<h3 class=\"elementor-heading-title elementor-size-default\">N\u00e4chste geplante aktivit\u00e4ten<\/h3>\t\t\t\t<\/div>\n\t\t\t\t<\/div>\n\t\t\t\t<div class=\"elementor-element elementor-element-52490c5 elementor-grid-1 elementor-grid-tablet-1 elementor-grid-mobile-1 elementor-widget elementor-widget-loop-grid\" data-id=\"52490c5\" data-element_type=\"widget\" data-e-type=\"widget\" data-settings=\"{&quot;template_id&quot;:617,&quot;columns&quot;:1,&quot;columns_tablet&quot;:1,&quot;_skin&quot;:&quot;post&quot;,&quot;columns_mobile&quot;:&quot;1&quot;,&quot;edit_handle_selector&quot;:&quot;[data-elementor-type=\\&quot;loop-item\\&quot;]&quot;,&quot;row_gap&quot;:{&quot;unit&quot;:&quot;px&quot;,&quot;size&quot;:&quot;&quot;,&quot;sizes&quot;:[]},&quot;row_gap_widescreen&quot;:{&quot;unit&quot;:&quot;px&quot;,&quot;size&quot;:&quot;&quot;,&quot;sizes&quot;:[]},&quot;row_gap_laptop&quot;:{&quot;unit&quot;:&quot;px&quot;,&quot;size&quot;:&quot;&quot;,&quot;sizes&quot;:[]},&quot;row_gap_tablet_extra&quot;:{&quot;unit&quot;:&quot;px&quot;,&quot;size&quot;:&quot;&quot;,&quot;sizes&quot;:[]},&quot;row_gap_tablet&quot;:{&quot;unit&quot;:&quot;px&quot;,&quot;size&quot;:&quot;&quot;,&quot;sizes&quot;:[]},&quot;row_gap_mobile_extra&quot;:{&quot;unit&quot;:&quot;px&quot;,&quot;size&quot;:&quot;&quot;,&quot;sizes&quot;:[]},&quot;row_gap_mobile&quot;:{&quot;unit&quot;:&quot;px&quot;,&quot;size&quot;:&quot;&quot;,&quot;sizes&quot;:[]}}\" data-widget_type=\"loop-grid.post\">\n\t\t\t\t<div class=\"elementor-widget-container\">\n\t\t\t\t\t\t\t<div class=\"e-loop-nothing-found-message\">\n\t\t<\/div>\n\t\t\t\t\t\t<\/div>\n\t\t\t\t<\/div>\n\t\t\t\t<\/div>\n\t\t\t\t\t<\/div>\n\t\t\t\t<\/div>\n\t\t\t\t\t<\/div>\n\t\t\t\t<\/div>\n\t\t\t\t<\/div>\n\t\t","protected":false},"excerpt":{"rendered":"<p>NORTRAIL MOUNTAINS GU\u00cdAS DE MONTA\u00d1A The bestmountain experiencesat your fingertips Nortrail Mountains ist ein Bergf\u00fchrerunternehmen mit Sitz im Dorf La Peral im Naturpark Somiedo, das seine Dienstleistungen in den Bereichen Trekking f\u00fcr ein oder mehrere Tage, Wandern, Schneeschuhausfl\u00fcge, Biwaks in der Natur und Schulungen in der gesamten nationalen und internationalen Geografie anbietet. WANDERN UND TREKKING [&hellip;]<\/p>\n","protected":false},"author":1,"featured_media":0,"parent":0,"menu_order":1,"comment_status":"closed","ping_status":"closed","template":"elementor_header_footer","meta":{"_acf_changed":false,"inline_featured_image":false,"footnotes":""},"class_list":["post-540","page","type-page","status-publish","hentry"],"acf":[],"_links":{"self":[{"href":"https:\/\/nortrailmountains.com\/de\/wp-json\/wp\/v2\/pages\/540","targetHints":{"allow":["GET"]}}],"collection":[{"href":"https:\/\/nortrailmountains.com\/de\/wp-json\/wp\/v2\/pages"}],"about":[{"href":"https:\/\/nortrailmountains.com\/de\/wp-json\/wp\/v2\/types\/page"}],"author":[{"embeddable":true,"href":"https:\/\/nortrailmountains.com\/de\/wp-json\/wp\/v2\/users\/1"}],"replies":[{"embeddable":true,"href":"https:\/\/nortrailmountains.com\/de\/wp-json\/wp\/v2\/comments?post=540"}],"version-history":[{"count":6,"href":"https:\/\/nortrailmountains.com\/de\/wp-json\/wp\/v2\/pages\/540\/revisions"}],"predecessor-version":[{"id":1086,"href":"https:\/\/nortrailmountains.com\/de\/wp-json\/wp\/v2\/pages\/540\/revisions\/1086"}],"wp:attachment":[{"href":"https:\/\/nortrailmountains.com\/de\/wp-json\/wp\/v2\/media?parent=540"}],"curies":[{"name":"wp","href":"https:\/\/api.w.org\/{rel}","templated":true}]}}