{"id":547,"date":"2023-04-23T11:09:31","date_gmt":"2023-04-23T09:09:31","guid":{"rendered":"https:\/\/www.nortrailmountains.com\/aktivitaeten\/"},"modified":"2026-02-17T08:56:08","modified_gmt":"2026-02-17T07:56:08","slug":"aktivitaeten","status":"publish","type":"page","link":"https:\/\/nortrailmountains.com\/de\/aktivitaeten\/","title":{"rendered":"Aktivit\u00e4ten"},"content":{"rendered":"\t\t<div data-elementor-type=\"wp-page\" data-elementor-id=\"547\" class=\"elementor elementor-547 elementor-24\" data-elementor-post-type=\"page\">\n\t\t\t\t<div class=\"elementor-element elementor-element-7b7d37e e-con-full e-flex e-con e-parent\" data-id=\"7b7d37e\" data-element_type=\"container\" data-e-type=\"container\">\n\t\t<div class=\"elementor-element elementor-element-7018fdf e-con-full e-flex e-con e-child\" data-id=\"7018fdf\" data-element_type=\"container\" data-e-type=\"container\" data-settings=\"{&quot;background_background&quot;:&quot;classic&quot;}\">\n\t\t\t\t<\/div>\n\t\t<div class=\"elementor-element elementor-element-8a9ba88 e-con-full e-flex e-con e-child\" data-id=\"8a9ba88\" data-element_type=\"container\" data-e-type=\"container\">\n\t\t\t\t<div class=\"elementor-element elementor-element-d99c3c7 elementor-widget__width-initial elementor-invisible elementor-widget elementor-widget-heading\" data-id=\"d99c3c7\" data-element_type=\"widget\" data-e-type=\"widget\" data-settings=\"{&quot;_animation&quot;:&quot;fadeInUp&quot;}\" data-widget_type=\"heading.default\">\n\t\t\t\t<div class=\"elementor-widget-container\">\n\t\t\t\t\t<h2 class=\"elementor-heading-title elementor-size-default\">WANDERN<\/h2>\t\t\t\t<\/div>\n\t\t\t\t<\/div>\n\t\t\t\t<div class=\"elementor-element elementor-element-ab802ea elementor-widget__width-initial elementor-widget-divider--view-line elementor-widget elementor-widget-divider\" data-id=\"ab802ea\" data-element_type=\"widget\" data-e-type=\"widget\" data-widget_type=\"divider.default\">\n\t\t\t\t<div class=\"elementor-widget-container\">\n\t\t\t\t\t\t\t<div class=\"elementor-divider\">\n\t\t\t<span class=\"elementor-divider-separator\">\n\t\t\t\t\t\t<\/span>\n\t\t<\/div>\n\t\t\t\t\t\t<\/div>\n\t\t\t\t<\/div>\n\t\t\t\t<div class=\"elementor-element elementor-element-5c13e74 elementor-widget__width-initial elementor-invisible elementor-widget elementor-widget-text-editor\" data-id=\"5c13e74\" data-element_type=\"widget\" data-e-type=\"widget\" data-settings=\"{&quot;_animation&quot;:&quot;fadeInUp&quot;}\" data-widget_type=\"text-editor.default\">\n\t\t\t\t<div class=\"elementor-widget-container\">\n\t\t\t\t\t\t\t\t\t<p>Wandern ist eine Sportart, die in der Natur stattfindet und keine gr\u00f6\u00dferen Komplikationen mit sich bringt. Bei <b>Nortrail Mountains<\/b> passen wir die Aktivit\u00e4ten an alle Altersgruppen an und bieten eine breite Palette von Routen in verschiedenen Umgebungen an, wobei wir unsere Erfahrung und Professionalit\u00e4t sch\u00e4tzen.<\/p>\t\t\t\t\t\t\t\t<\/div>\n\t\t\t\t<\/div>\n\t\t\t\t<div class=\"elementor-element elementor-element-6bfba3d elementor-widget__width-initial elementor-widget-divider--view-line elementor-widget elementor-widget-divider\" data-id=\"6bfba3d\" data-element_type=\"widget\" data-e-type=\"widget\" data-widget_type=\"divider.default\">\n\t\t\t\t<div class=\"elementor-widget-container\">\n\t\t\t\t\t\t\t<div class=\"elementor-divider\">\n\t\t\t<span class=\"elementor-divider-separator\">\n\t\t\t\t\t\t<\/span>\n\t\t<\/div>\n\t\t\t\t\t\t<\/div>\n\t\t\t\t<\/div>\n\t\t\t\t<div class=\"elementor-element elementor-element-b7defee elementor-widget__width-initial elementor-invisible elementor-widget elementor-widget-heading\" data-id=\"b7defee\" data-element_type=\"widget\" data-e-type=\"widget\" data-settings=\"{&quot;_animation&quot;:&quot;fadeInUp&quot;}\" data-widget_type=\"heading.default\">\n\t\t\t\t<div class=\"elementor-widget-container\">\n\t\t\t\t\t<h2 class=\"elementor-heading-title elementor-size-default\">TREKKING<\/h2>\t\t\t\t<\/div>\n\t\t\t\t<\/div>\n\t\t\t\t<div class=\"elementor-element elementor-element-6cd3c70 elementor-widget__width-initial elementor-widget-divider--view-line elementor-widget elementor-widget-divider\" data-id=\"6cd3c70\" data-element_type=\"widget\" data-e-type=\"widget\" data-widget_type=\"divider.default\">\n\t\t\t\t<div class=\"elementor-widget-container\">\n\t\t\t\t\t\t\t<div class=\"elementor-divider\">\n\t\t\t<span class=\"elementor-divider-separator\">\n\t\t\t\t\t\t<\/span>\n\t\t<\/div>\n\t\t\t\t\t\t<\/div>\n\t\t\t\t<\/div>\n\t\t\t\t<div class=\"elementor-element elementor-element-1d05252 elementor-widget__width-initial elementor-invisible elementor-widget elementor-widget-text-editor\" data-id=\"1d05252\" data-element_type=\"widget\" data-e-type=\"widget\" data-settings=\"{&quot;_animation&quot;:&quot;fadeInUp&quot;}\" data-widget_type=\"text-editor.default\">\n\t\t\t\t<div class=\"elementor-widget-container\">\n\t\t\t\t\t\t\t\t\t<p>Im Gegensatz zu Wanderungen sind Trekking etwas anspruchsvollere und mit einigen technischen Schwierigkeiten verbunden, wie z. B. die Art des Gel\u00e4ndes, in dem sie erschlossen sind. Wir betreten die beeindruckendsten und exklusivsten Wanderwege unserer Berge und die Aktivit\u00e4ten verl\u00e4ngern sich in Bezug auf Dauer und Route.<\/p>\t\t\t\t\t\t\t\t<\/div>\n\t\t\t\t<\/div>\n\t\t\t\t<div class=\"elementor-element elementor-element-0fc70c8 elementor-widget__width-initial elementor-widget-divider--view-line elementor-widget elementor-widget-divider\" data-id=\"0fc70c8\" data-element_type=\"widget\" data-e-type=\"widget\" data-widget_type=\"divider.default\">\n\t\t\t\t<div class=\"elementor-widget-container\">\n\t\t\t\t\t\t\t<div class=\"elementor-divider\">\n\t\t\t<span class=\"elementor-divider-separator\">\n\t\t\t\t\t\t<\/span>\n\t\t<\/div>\n\t\t\t\t\t\t<\/div>\n\t\t\t\t<\/div>\n\t\t\t\t<\/div>\n\t\t\t\t<\/div>\n\t\t<div class=\"elementor-element elementor-element-915f754 e-con-full e-flex e-con e-parent\" data-id=\"915f754\" data-element_type=\"container\" data-e-type=\"container\">\n\t\t<div class=\"elementor-element elementor-element-2bc3678 e-con-full e-flex e-con e-child\" data-id=\"2bc3678\" data-element_type=\"container\" data-e-type=\"container\">\n\t\t\t\t<div class=\"elementor-element elementor-element-302d337 elementor-widget__width-initial elementor-invisible elementor-widget elementor-widget-heading\" data-id=\"302d337\" data-element_type=\"widget\" data-e-type=\"widget\" data-settings=\"{&quot;_animation&quot;:&quot;fadeInUp&quot;}\" data-widget_type=\"heading.default\">\n\t\t\t\t<div class=\"elementor-widget-container\">\n\t\t\t\t\t<h2 class=\"elementor-heading-title elementor-size-default\">TRKKING + YOGA<\/h2>\t\t\t\t<\/div>\n\t\t\t\t<\/div>\n\t\t\t\t<div class=\"elementor-element elementor-element-ad4b934 elementor-widget__width-initial elementor-widget-divider--view-line elementor-widget elementor-widget-divider\" data-id=\"ad4b934\" data-element_type=\"widget\" data-e-type=\"widget\" data-widget_type=\"divider.default\">\n\t\t\t\t<div class=\"elementor-widget-container\">\n\t\t\t\t\t\t\t<div class=\"elementor-divider\">\n\t\t\t<span class=\"elementor-divider-separator\">\n\t\t\t\t\t\t<\/span>\n\t\t<\/div>\n\t\t\t\t\t\t<\/div>\n\t\t\t\t<\/div>\n\t\t\t\t<div class=\"elementor-element elementor-element-49093f4 elementor-widget__width-initial elementor-invisible elementor-widget elementor-widget-text-editor\" data-id=\"49093f4\" data-element_type=\"widget\" data-e-type=\"widget\" data-settings=\"{&quot;_animation&quot;:&quot;fadeInUp&quot;}\" data-widget_type=\"text-editor.default\">\n\t\t\t\t<div class=\"elementor-widget-container\">\n\t\t\t\t\t\t\t\t\t<p>Ohne Zweifel ist dies eine unserer Hauptaktivit\u00e4ten. Unsere Aktivit\u00e4ten in der Natur sind eng mit der Yogapraxis verbunden. Dank der Zusammenarbeit mit dem <strong>WEAREYOGA-Studio<\/strong> in Salinas und unserer umfassenden Kenntnis der einzelnen Naturparks unserer Kantabrischen Berge bieten wir eine Vielzahl von gemeinsamen Aktivit\u00e4ten in den idyllischsten Enklaven, die es gibt. Kannst du dir vorstellen, die geheimsten Pfade zu beschreiten, die wir haben, und Yoga an den wildesten Orten zu praktizieren&#8230;?<\/p>\t\t\t\t\t\t\t\t<\/div>\n\t\t\t\t<\/div>\n\t\t\t\t<div class=\"elementor-element elementor-element-eb0478c elementor-widget__width-initial elementor-widget-divider--view-line elementor-widget elementor-widget-divider\" data-id=\"eb0478c\" data-element_type=\"widget\" data-e-type=\"widget\" data-widget_type=\"divider.default\">\n\t\t\t\t<div class=\"elementor-widget-container\">\n\t\t\t\t\t\t\t<div class=\"elementor-divider\">\n\t\t\t<span class=\"elementor-divider-separator\">\n\t\t\t\t\t\t<\/span>\n\t\t<\/div>\n\t\t\t\t\t\t<\/div>\n\t\t\t\t<\/div>\n\t\t\t\t<\/div>\n\t\t<div class=\"elementor-element elementor-element-c504a9d e-con-full e-flex e-con e-child\" data-id=\"c504a9d\" data-element_type=\"container\" data-e-type=\"container\" data-settings=\"{&quot;background_background&quot;:&quot;classic&quot;}\">\n\t\t\t\t<\/div>\n\t\t\t\t<\/div>\n\t\t<div class=\"elementor-element elementor-element-98157ac e-con-full e-flex e-con e-parent\" data-id=\"98157ac\" data-element_type=\"container\" data-e-type=\"container\">\n\t\t<div class=\"elementor-element elementor-element-e0f993f e-con-full e-flex e-con e-child\" data-id=\"e0f993f\" data-element_type=\"container\" data-e-type=\"container\" data-settings=\"{&quot;background_background&quot;:&quot;classic&quot;}\">\n\t\t\t\t<\/div>\n\t\t<div class=\"elementor-element elementor-element-e7bcc12 e-con-full e-flex e-con e-child\" data-id=\"e7bcc12\" data-element_type=\"container\" data-e-type=\"container\">\n\t\t\t\t<div class=\"elementor-element elementor-element-ed0e55b elementor-widget__width-initial elementor-invisible elementor-widget elementor-widget-heading\" data-id=\"ed0e55b\" data-element_type=\"widget\" data-e-type=\"widget\" data-settings=\"{&quot;_animation&quot;:&quot;fadeInUp&quot;}\" data-widget_type=\"heading.default\">\n\t\t\t\t<div class=\"elementor-widget-container\">\n\t\t\t\t\t<h2 class=\"elementor-heading-title elementor-size-default\">SCHNEESCHUHAUSFL\u00dcGE<\/h2>\t\t\t\t<\/div>\n\t\t\t\t<\/div>\n\t\t\t\t<div class=\"elementor-element elementor-element-43a2b2d elementor-widget__width-initial elementor-widget-divider--view-line elementor-widget elementor-widget-divider\" data-id=\"43a2b2d\" data-element_type=\"widget\" data-e-type=\"widget\" data-widget_type=\"divider.default\">\n\t\t\t\t<div class=\"elementor-widget-container\">\n\t\t\t\t\t\t\t<div class=\"elementor-divider\">\n\t\t\t<span class=\"elementor-divider-separator\">\n\t\t\t\t\t\t<\/span>\n\t\t<\/div>\n\t\t\t\t\t\t<\/div>\n\t\t\t\t<\/div>\n\t\t\t\t<div class=\"elementor-element elementor-element-3ac29ff elementor-widget__width-initial elementor-invisible elementor-widget elementor-widget-text-editor\" data-id=\"3ac29ff\" data-element_type=\"widget\" data-e-type=\"widget\" data-settings=\"{&quot;_animation&quot;:&quot;fadeInUp&quot;}\" data-widget_type=\"text-editor.default\">\n\t\t\t\t<div class=\"elementor-widget-container\">\n\t\t\t\t\t\t\t\t\t<p>Obwohl wir dem Wetter ausgeliefert sind, sind Schneeschuhtouren sehr gefragt. F\u00fcr viele Bergsteiger sind Schneeschuhe ein Winterklassiker. Eine Outdoor-Show, die wir in sicheren und einzigartig sch\u00f6nen Umgebungen entwickeln.<\/p>\t\t\t\t\t\t\t\t<\/div>\n\t\t\t\t<\/div>\n\t\t\t\t<div class=\"elementor-element elementor-element-bba3f4a elementor-widget__width-initial elementor-widget-divider--view-line elementor-widget elementor-widget-divider\" data-id=\"bba3f4a\" data-element_type=\"widget\" data-e-type=\"widget\" data-widget_type=\"divider.default\">\n\t\t\t\t<div class=\"elementor-widget-container\">\n\t\t\t\t\t\t\t<div class=\"elementor-divider\">\n\t\t\t<span class=\"elementor-divider-separator\">\n\t\t\t\t\t\t<\/span>\n\t\t<\/div>\n\t\t\t\t\t\t<\/div>\n\t\t\t\t<\/div>\n\t\t\t\t<\/div>\n\t\t\t\t<\/div>\n\t\t<div class=\"elementor-element elementor-element-1eb4192 e-con-full elementor-hidden-widescreen elementor-hidden-desktop elementor-hidden-laptop elementor-hidden-tablet_extra elementor-hidden-tablet elementor-hidden-mobile_extra elementor-hidden-mobile e-flex e-con e-parent\" data-id=\"1eb4192\" data-element_type=\"container\" data-e-type=\"container\">\n\t\t<div class=\"elementor-element elementor-element-a7dc827 e-con-full e-flex e-con e-child\" data-id=\"a7dc827\" data-element_type=\"container\" data-e-type=\"container\">\n\t\t\t\t<div class=\"elementor-element elementor-element-2115be8 elementor-widget__width-initial elementor-invisible elementor-widget elementor-widget-heading\" data-id=\"2115be8\" data-element_type=\"widget\" data-e-type=\"widget\" data-settings=\"{&quot;_animation&quot;:&quot;fadeInUp&quot;}\" data-widget_type=\"heading.default\">\n\t\t\t\t<div class=\"elementor-widget-container\">\n\t\t\t\t\t<h2 class=\"elementor-heading-title elementor-size-default\">ALTA RUTA DE REDES<\/h2>\t\t\t\t<\/div>\n\t\t\t\t<\/div>\n\t\t\t\t<div class=\"elementor-element elementor-element-fd047c0 elementor-widget__width-initial elementor-widget-divider--view-line elementor-widget elementor-widget-divider\" data-id=\"fd047c0\" data-element_type=\"widget\" data-e-type=\"widget\" data-widget_type=\"divider.default\">\n\t\t\t\t<div class=\"elementor-widget-container\">\n\t\t\t\t\t\t\t<div class=\"elementor-divider\">\n\t\t\t<span class=\"elementor-divider-separator\">\n\t\t\t\t\t\t<\/span>\n\t\t<\/div>\n\t\t\t\t\t\t<\/div>\n\t\t\t\t<\/div>\n\t\t\t\t<div class=\"elementor-element elementor-element-0883635 elementor-widget__width-initial elementor-invisible elementor-widget elementor-widget-text-editor\" data-id=\"0883635\" data-element_type=\"widget\" data-e-type=\"widget\" data-settings=\"{&quot;_animation&quot;:&quot;fadeInUp&quot;}\" data-widget_type=\"text-editor.default\">\n\t\t\t\t<div class=\"elementor-widget-container\">\n\t\t\t\t\t\t\t\t\t<p><strong>Nortrail Mountains<\/strong> Wir sind Spezialisten f\u00fcr gro\u00dfartige Routen. Nachdem wir das <strong>Apolobamba-Gebirge<\/strong> in Bolivien bereist, die <strong>Tatra<\/strong> in Polen oder den <strong>Atlas<\/strong> in Marokko \u00fcberquert hatten, entdeckten wir unsere Leidenschaft f\u00fcr gro\u00dfe Abenteuer. Mir\u00e1ndonos en el espejo de los grandes aventureros, queremos compartir con ustedes uno de los trekkings menos conocidos y m\u00e1s salvajes que se pueden realizar hoy en d\u00eda. <strong>88 kil\u00f3metros y 6000+ en el Parque Natural de Redes en Asturias<\/strong> en 4 etapas donde cada cent\u00edmetro que recorremos nos abruma con su belleza.<br>Toda una experiencia sensorial donde nos sometemos a la espesura de los bosques, el susurro de sus arroyos y la magnitud de sus monta\u00f1as.<\/p>\t\t\t\t\t\t\t\t<\/div>\n\t\t\t\t<\/div>\n\t\t\t\t<div class=\"elementor-element elementor-element-46d4b64 elementor-widget__width-initial elementor-widget-divider--view-line elementor-widget elementor-widget-divider\" data-id=\"46d4b64\" data-element_type=\"widget\" data-e-type=\"widget\" data-widget_type=\"divider.default\">\n\t\t\t\t<div class=\"elementor-widget-container\">\n\t\t\t\t\t\t\t<div class=\"elementor-divider\">\n\t\t\t<span class=\"elementor-divider-separator\">\n\t\t\t\t\t\t<\/span>\n\t\t<\/div>\n\t\t\t\t\t\t<\/div>\n\t\t\t\t<\/div>\n\t\t\t\t<\/div>\n\t\t<div class=\"elementor-element elementor-element-2bf4af5 e-con-full e-flex e-con e-child\" data-id=\"2bf4af5\" data-element_type=\"container\" data-e-type=\"container\" data-settings=\"{&quot;background_background&quot;:&quot;classic&quot;}\">\n\t\t\t\t<\/div>\n\t\t\t\t<\/div>\n\t\t<div class=\"elementor-element elementor-element-91f6915 e-con-full elementor-hidden-widescreen elementor-hidden-desktop elementor-hidden-laptop elementor-hidden-tablet_extra elementor-hidden-tablet elementor-hidden-mobile_extra elementor-hidden-mobile e-flex e-con e-parent\" data-id=\"91f6915\" data-element_type=\"container\" data-e-type=\"container\">\n\t\t<div class=\"elementor-element elementor-element-68592f8 e-con-full e-flex e-con e-child\" data-id=\"68592f8\" data-element_type=\"container\" data-e-type=\"container\" data-settings=\"{&quot;background_background&quot;:&quot;slideshow&quot;,&quot;background_slideshow_gallery&quot;:[{&quot;id&quot;:1079,&quot;url&quot;:&quot;https:\\\/\\\/nortrailmountains.com\\\/wp-content\\\/uploads\\\/2025\\\/11\\\/IMG_20251107_122622-scaled.jpg&quot;},{&quot;id&quot;:1080,&quot;url&quot;:&quot;https:\\\/\\\/nortrailmountains.com\\\/wp-content\\\/uploads\\\/2025\\\/11\\\/IMG_20251107_122433-scaled.jpg&quot;},{&quot;id&quot;:1081,&quot;url&quot;:&quot;https:\\\/\\\/nortrailmountains.com\\\/wp-content\\\/uploads\\\/2025\\\/11\\\/IMG_20251107_122625-scaled.jpg&quot;},{&quot;id&quot;:1082,&quot;url&quot;:&quot;https:\\\/\\\/nortrailmountains.com\\\/wp-content\\\/uploads\\\/2025\\\/11\\\/IMG_20251107_122532-scaled.jpg&quot;},{&quot;id&quot;:1078,&quot;url&quot;:&quot;https:\\\/\\\/nortrailmountains.com\\\/wp-content\\\/uploads\\\/2025\\\/11\\\/IMG_20251022_113046-scaled.jpg&quot;}],&quot;background_slideshow_lazyload&quot;:&quot;yes&quot;,&quot;background_slideshow_ken_burns&quot;:&quot;yes&quot;,&quot;background_slideshow_loop&quot;:&quot;yes&quot;,&quot;background_slideshow_slide_duration&quot;:5000,&quot;background_slideshow_slide_transition&quot;:&quot;fade&quot;,&quot;background_slideshow_transition_duration&quot;:500,&quot;background_slideshow_ken_burns_zoom_direction&quot;:&quot;in&quot;}\">\n\t\t\t\t<\/div>\n\t\t<div class=\"elementor-element elementor-element-774eda6 e-con-full e-flex e-con e-child\" data-id=\"774eda6\" data-element_type=\"container\" data-e-type=\"container\">\n\t\t\t\t<div class=\"elementor-element elementor-element-cd747de elementor-widget__width-initial elementor-invisible elementor-widget elementor-widget-heading\" data-id=\"cd747de\" data-element_type=\"widget\" data-e-type=\"widget\" data-settings=\"{&quot;_animation&quot;:&quot;fadeInUp&quot;}\" data-widget_type=\"heading.default\">\n\t\t\t\t<div class=\"elementor-widget-container\">\n\t\t\t\t\t<h2 class=\"elementor-heading-title elementor-size-default\">PERNOCTA EN UNA CABA\u00d1A DE TEITO <\/h2>\t\t\t\t<\/div>\n\t\t\t\t<\/div>\n\t\t\t\t<div class=\"elementor-element elementor-element-875dbfe elementor-widget__width-initial elementor-widget-divider--view-line elementor-widget elementor-widget-divider\" data-id=\"875dbfe\" data-element_type=\"widget\" data-e-type=\"widget\" data-widget_type=\"divider.default\">\n\t\t\t\t<div class=\"elementor-widget-container\">\n\t\t\t\t\t\t\t<div class=\"elementor-divider\">\n\t\t\t<span class=\"elementor-divider-separator\">\n\t\t\t\t\t\t<\/span>\n\t\t<\/div>\n\t\t\t\t\t\t<\/div>\n\t\t\t\t<\/div>\n\t\t\t\t<div class=\"elementor-element elementor-element-c1585b1 elementor-widget__width-initial elementor-invisible elementor-widget elementor-widget-text-editor\" data-id=\"c1585b1\" data-element_type=\"widget\" data-e-type=\"widget\" data-settings=\"{&quot;_animation&quot;:&quot;fadeInUp&quot;}\" data-widget_type=\"text-editor.default\">\n\t\t\t\t<div class=\"elementor-widget-container\">\n\t\t\t\t\t\t\t\t\t<p><strong>Trekking &amp; Noche en un Teito \u2013 Somiedo Salvaje (M\u00e1x. 6 personas)<\/strong><\/p><div>Una experiencia que ya no se encuentra. Un viaje al coraz\u00f3n de las bra\u00f1as vaqueiras. <\/div><div>Hay lugares que no se visitan: se sienten. Y uno de ellos es la Bra\u00f1a de La Pornacal, un rinc\u00f3n escondido de Somiedo donde el tiempo sigue defendiendo su manera ancestral de vivir la monta\u00f1a. All\u00ed, entre silencio, praderas y piedra vieja, te espera un teito aut\u00e9ntico, restaurado con respeto absoluto a la tradici\u00f3n, para vivir algo extraordinario: una jornada de trekking con pernocta en una de las construcciones m\u00e1s emblem\u00e1ticas del occidente asturiano.  <\/div><div> <\/div><div><strong>As\u00ed es la experiencia<\/strong><\/div><div>Comenzamos en la buc\u00f3lica aldea de La Peral, un peque\u00f1o balc\u00f3n pastoril con vistas abiertas a los valles de Somiedo. Desde all\u00ed iniciamos una ruta de aproximadamente 9 km y 417 m de desnivel positivo, un recorrido accesible, precioso y cargado de historia, siguiendo antiguas sendas ganaderas que conectaban aldeas y bra\u00f1as. <\/div><div>Al llegar a La Pornacal, sus teitos centenarios nos reciben como si el tiempo no hubiera pasado\u2026 y uno de ellos ser\u00e1 nuestro refugio privado. En su interior encontrar\u00e1s un espacio acogedor y sorprendentemente c\u00f3modo: zona de descanso en madera, iluminaci\u00f3n c\u00e1lida, comedor r\u00fastico y el ambiente aut\u00e9ntico de una caba\u00f1a pastoril donde cada detalle respira territorio. <\/div><div>Cuando cae la noche, la monta\u00f1a se transforma. El silencio se hace profundo, el cielo oscuro de Somiedo \u2014Reserva de la Biosfera\u2014 se vuelve inmenso, y entiendes que dormir aqu\u00ed es algo que no se puede explicar: solo vivir. <\/div><div> <\/div><div><strong>Un vivac diferente. Una historia para recordar. <\/strong><\/div><div>No es un refugio moderno.<\/div><div>No es un alojamiento tur\u00edstico.<\/div><div>Es volver a lo esencial en un espacio real, heredado de pastores y conservado como parte viva de Asturias.<\/div><div>Dormir en un teito significa escuchar la monta\u00f1a tal y como siempre fue: madera que respira, aire puro movi\u00e9ndose entre los valles, el rumor del agua\u2026 y la sensaci\u00f3n de estar viviendo algo reservado para unos pocos.<\/div><div> <\/div><div><strong>Grupo reducido: m\u00e1ximo 6 personas<\/strong><\/div><div>La experiencia est\u00e1 pensada para disfrutarla con calma y autenticidad. Un grupo peque\u00f1o permite una vivencia \u00edntima, cercana y sin masificaciones. <\/div><div>Perfecta para grupos, parejas aventureras o quienes buscan algo aut\u00e9ntico, exclusivo y completamente diferente a lo de siempre.<\/div>\t\t\t\t\t\t\t\t<\/div>\n\t\t\t\t<\/div>\n\t\t\t\t<div class=\"elementor-element elementor-element-7444704 elementor-widget__width-initial elementor-widget-divider--view-line elementor-widget elementor-widget-divider\" data-id=\"7444704\" data-element_type=\"widget\" data-e-type=\"widget\" data-widget_type=\"divider.default\">\n\t\t\t\t<div class=\"elementor-widget-container\">\n\t\t\t\t\t\t\t<div class=\"elementor-divider\">\n\t\t\t<span class=\"elementor-divider-separator\">\n\t\t\t\t\t\t<\/span>\n\t\t<\/div>\n\t\t\t\t\t\t<\/div>\n\t\t\t\t<\/div>\n\t\t\t\t<\/div>\n\t\t\t\t<\/div>\n\t\t\t\t<\/div>\n\t\t","protected":false},"excerpt":{"rendered":"<p>WANDERN Wandern ist eine Sportart, die in der Natur stattfindet und keine gr\u00f6\u00dferen Komplikationen mit sich bringt. Bei Nortrail Mountains passen wir die Aktivit\u00e4ten an alle Altersgruppen an und bieten eine breite Palette von Routen in verschiedenen Umgebungen an, wobei wir unsere Erfahrung und Professionalit\u00e4t sch\u00e4tzen. TREKKING Im Gegensatz zu Wanderungen sind Trekking etwas anspruchsvollere [&hellip;]<\/p>\n","protected":false},"author":1,"featured_media":0,"parent":0,"menu_order":2,"comment_status":"closed","ping_status":"closed","template":"elementor_header_footer","meta":{"_acf_changed":false,"inline_featured_image":false,"footnotes":""},"class_list":["post-547","page","type-page","status-publish","hentry"],"acf":[],"_links":{"self":[{"href":"https:\/\/nortrailmountains.com\/de\/wp-json\/wp\/v2\/pages\/547","targetHints":{"allow":["GET"]}}],"collection":[{"href":"https:\/\/nortrailmountains.com\/de\/wp-json\/wp\/v2\/pages"}],"about":[{"href":"https:\/\/nortrailmountains.com\/de\/wp-json\/wp\/v2\/types\/page"}],"author":[{"embeddable":true,"href":"https:\/\/nortrailmountains.com\/de\/wp-json\/wp\/v2\/users\/1"}],"replies":[{"embeddable":true,"href":"https:\/\/nortrailmountains.com\/de\/wp-json\/wp\/v2\/comments?post=547"}],"version-history":[{"count":2,"href":"https:\/\/nortrailmountains.com\/de\/wp-json\/wp\/v2\/pages\/547\/revisions"}],"predecessor-version":[{"id":1083,"href":"https:\/\/nortrailmountains.com\/de\/wp-json\/wp\/v2\/pages\/547\/revisions\/1083"}],"wp:attachment":[{"href":"https:\/\/nortrailmountains.com\/de\/wp-json\/wp\/v2\/media?parent=547"}],"curies":[{"name":"wp","href":"https:\/\/api.w.org\/{rel}","templated":true}]}}