{"id":876,"date":"2023-12-15T12:55:24","date_gmt":"2023-12-15T11:55:24","guid":{"rendered":"https:\/\/www.nortrailmountains.com\/producto\/la-alta-ruta-de-redes\/"},"modified":"2023-12-18T08:35:28","modified_gmt":"2023-12-18T07:35:28","slug":"la-alta-ruta-de-redes","status":"publish","type":"product","link":"https:\/\/nortrailmountains.com\/de\/producto\/la-alta-ruta-de-redes\/","title":{"rendered":"La Alta Ruta de Redes"},"content":{"rendered":"&#13;\n<p>Es ist ein wildes und anderes Trekking durch die Umgebung, in der sich einer der sch\u00f6nsten und unbekanntesten Naturparks der Halbinsel befindet, der zum Biosph\u00e4renreservat erkl\u00e4rt wurde.<\/p>&#13;\n<p><span style=\"color: #993300;\"><strong>*Denken Sie daran, dass der angegebene Preis pro Person ist, f\u00fcgen Sie die Anzahl der Wanderer hinzu, um die Bestellung abzuschlie\u00dfen.<\/strong><\/span><\/p>&#13;\n","protected":false},"excerpt":{"rendered":"<p>Rundwanderung in Etappen im Naturpark Redes mit 83,5 km und 5300m+.<\/p>\n","protected":false},"featured_media":464,"template":"","meta":{"_acf_changed":false,"inline_featured_image":false},"product_brand":[],"product_cat":[56],"product_tag":[],"class_list":{"0":"post-876","1":"product","2":"type-product","3":"status-publish","4":"has-post-thumbnail","6":"product_cat-routen","8":"first","9":"instock","10":"virtual","11":"taxable","12":"purchasable","13":"product-type-simple"},"acf":[],"_links":{"self":[{"href":"https:\/\/nortrailmountains.com\/de\/wp-json\/wp\/v2\/product\/876","targetHints":{"allow":["GET"]}}],"collection":[{"href":"https:\/\/nortrailmountains.com\/de\/wp-json\/wp\/v2\/product"}],"about":[{"href":"https:\/\/nortrailmountains.com\/de\/wp-json\/wp\/v2\/types\/product"}],"wp:featuredmedia":[{"embeddable":true,"href":"https:\/\/nortrailmountains.com\/de\/wp-json\/wp\/v2\/media\/464"}],"wp:attachment":[{"href":"https:\/\/nortrailmountains.com\/de\/wp-json\/wp\/v2\/media?parent=876"}],"wp:term":[{"taxonomy":"product_brand","embeddable":true,"href":"https:\/\/nortrailmountains.com\/de\/wp-json\/wp\/v2\/product_brand?post=876"},{"taxonomy":"product_cat","embeddable":true,"href":"https:\/\/nortrailmountains.com\/de\/wp-json\/wp\/v2\/product_cat?post=876"},{"taxonomy":"product_tag","embeddable":true,"href":"https:\/\/nortrailmountains.com\/de\/wp-json\/wp\/v2\/product_tag?post=876"}],"curies":[{"name":"wp","href":"https:\/\/api.w.org\/{rel}","templated":true}]}}